{"id":47,"date":"2023-03-13T11:24:56","date_gmt":"2023-03-13T10:24:56","guid":{"rendered":"https:\/\/belgium.easo.org\/?page_id=47"},"modified":"2026-02-23T15:35:35","modified_gmt":"2026-02-23T14:35:35","slug":"become-a-member","status":"publish","type":"page","link":"https:\/\/belgium.easo.org\/fr\/become-a-member\/","title":{"rendered":"Devenir membre"},"content":{"rendered":"<p>[et_pb_section fb_built=&#8221;1&#8243; _builder_version=&#8221;4.20.2&#8243; _module_preset=&#8221;default&#8221; background_color=&#8221;#FFFFFF&#8221; global_colors_info=&#8221;{}&#8221;][et_pb_row _builder_version=&#8221;4.20.2&#8243; _module_preset=&#8221;default&#8221; global_colors_info=&#8221;{}&#8221;][et_pb_column type=&#8221;4_4&#8243; _builder_version=&#8221;4.20.2&#8243; _module_preset=&#8221;default&#8221; global_colors_info=&#8221;{}&#8221;][et_pb_text _builder_version=&#8221;4.27.5&#8243; _module_preset=&#8221;default&#8221; global_colors_info=&#8221;{}&#8221;]<\/p>\n<h1>Become a BASO member and help us have a strong voice!<\/h1>\n<p>[\/et_pb_text][\/et_pb_column][\/et_pb_row][et_pb_row column_structure=&#8221;3_5,2_5&#8243; _builder_version=&#8221;4.20.2&#8243; _module_preset=&#8221;default&#8221; global_colors_info=&#8221;{}&#8221;][et_pb_column type=&#8221;3_5&#8243; _builder_version=&#8221;4.20.2&#8243; _module_preset=&#8221;default&#8221; global_colors_info=&#8221;{}&#8221;][et_pb_text _builder_version=&#8221;4.27.5&#8243; _module_preset=&#8221;default&#8221; hover_enabled=&#8221;0&#8243; global_colors_info=&#8221;{}&#8221; sticky_enabled=&#8221;0&#8243;]BASO is the principal obesity organisation in Belgium and is a Full Member of World Obesity Federation.<\/p>\n<p>BASO wants to promote interdisciplinary cooperation in the treatment of obesity and encourages health professionals and scientists of different disciplines to become a member of BASO.<\/p>\n<p>Join our community and help us build a strong, united voice in the field of obesity.<\/p>\n<h2>BASO membership fee 2026<\/h2>\n<ul>\n<li>\u20ac 40 for students and interns<\/li>\n<li>\u20ac 50 for allied health care professionals<\/li>\n<li>\u20ac 80 for doctors<\/li>\n<\/ul>\n<p>[\/et_pb_text][et_pb_button button_url=&#8221;https:\/\/eu.eventscloud.com\/ereg\/newreg.php?eventid=200287094&#038;#&#8221; url_new_window=&#8221;on&#8221; button_text=&#8221;Use this form to apply for membership.&#8221; _builder_version=&#8221;4.27.4&#8243; _module_preset=&#8221;default&#8221; dipl_enable_scheduler=&#8221;on&#8221; dipl_scheduler_show_hide=&#8221;hide&#8221; dipl_scheduler_from_datetime=&#8221;2025-12-31 23:45&#8243; global_colors_info=&#8221;{}&#8221;][\/et_pb_button][et_pb_button button_url=&#8221;https:\/\/eu.eventscloud.com\/ereg\/newreg.php?eventid=200294974&#038;&#8221; url_new_window=&#8221;on&#8221; button_text=&#8221;Use this form to apply for membership.&#8221; _builder_version=&#8221;4.27.4&#8243; _module_preset=&#8221;default&#8221; hover_enabled=&#8221;0&#8243; dipl_enable_scheduler=&#8221;on&#8221; dipl_scheduler_from_datetime=&#8221;2026-01-01 06:00&#8243; global_colors_info=&#8221;{}&#8221; sticky_enabled=&#8221;0&#8243;][\/et_pb_button][\/et_pb_column][et_pb_column type=&#8221;2_5&#8243; _builder_version=&#8221;4.20.2&#8243; _module_preset=&#8221;default&#8221; global_colors_info=&#8221;{}&#8221;][et_pb_image src=&#8221;https:\/\/belgium.easo.org\/wp-content\/uploads\/2023\/05\/about-2.jpeg&#8221; alt=&#8221;a large building with a statue on top of it.&#8221; title_text=&#8221;a large building with a statue on top of it.&#8221; _builder_version=&#8221;4.21.0&#8243; _module_preset=&#8221;default&#8221; global_colors_info=&#8221;{}&#8221;][\/et_pb_image][\/et_pb_column][\/et_pb_row][\/et_pb_section][et_pb_section fb_built=&#8221;1&#8243; _builder_version=&#8221;4.27.5&#8243; _module_preset=&#8221;default&#8221; background_color=&#8221;#F7F7F7&#8243; global_colors_info=&#8221;{}&#8221;][et_pb_row _builder_version=&#8221;4.20.2&#8243; _module_preset=&#8221;default&#8221; global_colors_info=&#8221;{}&#8221;][et_pb_column type=&#8221;4_4&#8243; _builder_version=&#8221;4.20.2&#8243; _module_preset=&#8221;default&#8221; global_colors_info=&#8221;{}&#8221;][et_pb_text _builder_version=&#8221;4.27.5&#8243; _module_preset=&#8221;default&#8221; global_colors_info=&#8221;{}&#8221;]<\/p>\n<h2>BASO member benefits<\/h2>\n<p>[\/et_pb_text][\/et_pb_column][\/et_pb_row][et_pb_row column_structure=&#8221;1_2,1_2&#8243; _builder_version=&#8221;4.20.2&#8243; _module_preset=&#8221;default&#8221; global_colors_info=&#8221;{}&#8221;][et_pb_column type=&#8221;1_2&#8243; _builder_version=&#8221;4.20.2&#8243; _module_preset=&#8221;default&#8221; global_colors_info=&#8221;{}&#8221;][et_pb_text _builder_version=&#8221;4.27.5&#8243; _module_preset=&#8221;default&#8221; global_colors_info=&#8221;{}&#8221;]<\/p>\n<p>As a BASO member, you gain access to valuable opportunities, benefits, and networks that support your work and amplify our collective impact.<\/p>\n<p>BASO benefits include:<\/p>\n<\/p>\n<ul>\n<li>Being the first informed on all BASO activities<\/li>\n<li>Discounted registration fees for BASO events<\/li>\n<li>Access to the BASO members\u2019 area, including recordings of BASO webinars<\/li>\n<li>Voting rights at the BASO General Assembly<\/li>\n<li>Eligibility to stand for election to the BASO Board<\/li>\n<\/ul>\n<p>[\/et_pb_text][\/et_pb_column][et_pb_column type=&#8221;1_2&#8243; _builder_version=&#8221;4.20.2&#8243; _module_preset=&#8221;default&#8221; global_colors_info=&#8221;{}&#8221;][et_pb_text _builder_version=&#8221;4.27.5&#8243; _module_preset=&#8221;default&#8221; global_colors_info=&#8221;{}&#8221;]<\/p>\n<p>Automatic membership in the following organizations:<\/p>\n<\/p>\n<ul>\n<li><strong>EASO \u2013 European Association for the Study of Obesity<\/strong>, including:\n<ul>\n<li>Reduced ECO registration fees<\/li>\n<li>Reduced Obesity Facts subscriptions and submission fees<\/li>\n<li><span> <\/span>Sign up to newsletter to stay up to date: <a href=\"https:\/\/easo.org\/\">https:\/\/easo.org\/<\/a><\/li>\n<\/ul>\n<\/li>\n<li><strong>WOF \u2013 World Obesity Federation<\/strong>\n<ul>\n<li>Discounts to key events and educational courses including:\n<ul>\n<li>The International Congress on Obesity (ICO)<\/li>\n<li>SCOPE Schools<\/li>\n<li>A 50% discount on paywalled SCOPE E-Learning courses (the Core Learning Path and\u00a0Childhood Obesity : From Diagnosis to Treatment)\u00a0and free access to all our other modules<\/li>\n<li>Stock Conferences and joint events<\/li>\n<li>An opportunity to nominate members for World Obesity Federation Committees and Taskforces<\/li>\n<\/ul>\n<\/li>\n<\/ul>\n<\/li>\n<\/ul>\n<p>[\/et_pb_text][\/et_pb_column][\/et_pb_row][\/et_pb_section]<\/p>\n","protected":false},"excerpt":{"rendered":"<p>Become a BASO member and help us have a strong voice!BASO is the principal obesity organisation in Belgium and is a Full Member of World Obesity Federation. BASO wants to promote interdisciplinary cooperation in the treatment of obesity and encourages health professionals and scientists of different disciplines to become a member of BASO. Join our [&hellip;]<\/p>\n","protected":false},"author":1,"featured_media":0,"parent":0,"menu_order":0,"comment_status":"closed","ping_status":"closed","template":"","meta":{"_acf_changed":false,"_et_pb_use_builder":"on","_et_pb_old_content":"<!-- wp:divi\/placeholder \/-->","_et_gb_content_width":"","footnotes":""},"class_list":["post-47","page","type-page","status-publish","hentry"],"acf":[],"yoast_head":"<!-- This site is optimized with the Yoast SEO plugin v27.4 - https:\/\/yoast.com\/product\/yoast-seo-wordpress\/ -->\n<title>Become a Member - The Belgian Association for the Study of Obesity<\/title>\n<meta name=\"robots\" content=\"index, follow, max-snippet:-1, max-image-preview:large, max-video-preview:-1\" \/>\n<link rel=\"canonical\" href=\"https:\/\/belgium.easo.org\/fr\/become-a-member\/\" \/>\n<meta property=\"og:locale\" content=\"fr_FR\" \/>\n<meta property=\"og:type\" content=\"article\" \/>\n<meta property=\"og:title\" content=\"Become a Member - The Belgian Association for the Study of Obesity\" \/>\n<meta property=\"og:description\" content=\"Become a BASO member and help us have a strong voice!BASO is the principal obesity organisation in Belgium and is a Full Member of World Obesity Federation. BASO wants to promote interdisciplinary cooperation in the treatment of obesity and encourages health professionals and scientists of different disciplines to become a member of BASO. Join our [&hellip;]\" \/>\n<meta property=\"og:url\" content=\"https:\/\/belgium.easo.org\/fr\/wp-json\/wp\/v2\/pages\/47\" \/>\n<meta property=\"og:site_name\" content=\"The Belgian Association for the Study of Obesity\" \/>\n<meta property=\"article:modified_time\" content=\"2026-02-23T14:35:35+00:00\" \/>\n<meta name=\"twitter:card\" content=\"summary_large_image\" \/>\n<script type=\"application\/ld+json\" class=\"yoast-schema-graph\">{\"@context\":\"https:\\\/\\\/schema.org\",\"@graph\":[{\"@type\":\"WebPage\",\"@id\":\"https:\\\/\\\/belgium.easo.org\\\/become-a-member\\\/\",\"url\":\"https:\\\/\\\/belgium.easo.org\\\/become-a-member\\\/\",\"name\":\"Become a Member - The Belgian Association for the Study of Obesity\",\"isPartOf\":{\"@id\":\"https:\\\/\\\/belgium.easo.org\\\/#website\"},\"datePublished\":\"2023-03-13T10:24:56+00:00\",\"dateModified\":\"2026-02-23T14:35:35+00:00\",\"breadcrumb\":{\"@id\":\"https:\\\/\\\/belgium.easo.org\\\/become-a-member\\\/#breadcrumb\"},\"inLanguage\":\"fr-BE\",\"potentialAction\":[{\"@type\":\"ReadAction\",\"target\":[\"https:\\\/\\\/belgium.easo.org\\\/become-a-member\\\/\"]}]},{\"@type\":\"BreadcrumbList\",\"@id\":\"https:\\\/\\\/belgium.easo.org\\\/become-a-member\\\/#breadcrumb\",\"itemListElement\":[{\"@type\":\"ListItem\",\"position\":1,\"name\":\"Home\",\"item\":\"https:\\\/\\\/belgium.easo.org\\\/\"},{\"@type\":\"ListItem\",\"position\":2,\"name\":\"Become a Member\"}]},{\"@type\":\"WebSite\",\"@id\":\"https:\\\/\\\/belgium.easo.org\\\/#website\",\"url\":\"https:\\\/\\\/belgium.easo.org\\\/\",\"name\":\"The Belgian Association for the Study of Obesity\",\"description\":\"\",\"potentialAction\":[{\"@type\":\"SearchAction\",\"target\":{\"@type\":\"EntryPoint\",\"urlTemplate\":\"https:\\\/\\\/belgium.easo.org\\\/?s={search_term_string}\"},\"query-input\":{\"@type\":\"PropertyValueSpecification\",\"valueRequired\":true,\"valueName\":\"search_term_string\"}}],\"inLanguage\":\"fr-BE\"}]}<\/script>\n<!-- \/ Yoast SEO plugin. -->","yoast_head_json":{"title":"Devenir membre - Association belge pour l'\u00e9tude de l'ob\u00e9sit\u00e9","robots":{"index":"index","follow":"follow","max-snippet":"max-snippet:-1","max-image-preview":"max-image-preview:large","max-video-preview":"max-video-preview:-1"},"canonical":"https:\/\/belgium.easo.org\/fr\/become-a-member\/","og_locale":"fr_FR","og_type":"article","og_title":"Become a Member - The Belgian Association for the Study of Obesity","og_description":"Become a BASO member and help us have a strong voice!BASO is the principal obesity organisation in Belgium and is a Full Member of World Obesity Federation. BASO wants to promote interdisciplinary cooperation in the treatment of obesity and encourages health professionals and scientists of different disciplines to become a member of BASO. Join our [&hellip;]","og_url":"https:\/\/belgium.easo.org\/fr\/wp-json\/wp\/v2\/pages\/47","og_site_name":"The Belgian Association for the Study of Obesity","article_modified_time":"2026-02-23T14:35:35+00:00","twitter_card":"summary_large_image","schema":{"@context":"https:\/\/schema.org","@graph":[{"@type":"WebPage","@id":"https:\/\/belgium.easo.org\/become-a-member\/","url":"https:\/\/belgium.easo.org\/become-a-member\/","name":"Devenir membre - Association belge pour l'\u00e9tude de l'ob\u00e9sit\u00e9","isPartOf":{"@id":"https:\/\/belgium.easo.org\/#website"},"datePublished":"2023-03-13T10:24:56+00:00","dateModified":"2026-02-23T14:35:35+00:00","breadcrumb":{"@id":"https:\/\/belgium.easo.org\/become-a-member\/#breadcrumb"},"inLanguage":"fr-BE","potentialAction":[{"@type":"ReadAction","target":["https:\/\/belgium.easo.org\/become-a-member\/"]}]},{"@type":"BreadcrumbList","@id":"https:\/\/belgium.easo.org\/become-a-member\/#breadcrumb","itemListElement":[{"@type":"ListItem","position":1,"name":"Home","item":"https:\/\/belgium.easo.org\/"},{"@type":"ListItem","position":2,"name":"Become a Member"}]},{"@type":"WebSite","@id":"https:\/\/belgium.easo.org\/#website","url":"https:\/\/belgium.easo.org\/","name":"L'Association belge pour l'\u00e9tude de l'ob\u00e9sit\u00e9","description":"","potentialAction":[{"@type":"SearchAction","target":{"@type":"EntryPoint","urlTemplate":"https:\/\/belgium.easo.org\/?s={search_term_string}"},"query-input":{"@type":"PropertyValueSpecification","valueRequired":true,"valueName":"search_term_string"}}],"inLanguage":"fr-BE"}]}},"_links":{"self":[{"href":"https:\/\/belgium.easo.org\/fr\/wp-json\/wp\/v2\/pages\/47","targetHints":{"allow":["GET"]}}],"collection":[{"href":"https:\/\/belgium.easo.org\/fr\/wp-json\/wp\/v2\/pages"}],"about":[{"href":"https:\/\/belgium.easo.org\/fr\/wp-json\/wp\/v2\/types\/page"}],"author":[{"embeddable":true,"href":"https:\/\/belgium.easo.org\/fr\/wp-json\/wp\/v2\/users\/1"}],"replies":[{"embeddable":true,"href":"https:\/\/belgium.easo.org\/fr\/wp-json\/wp\/v2\/comments?post=47"}],"version-history":[{"count":5,"href":"https:\/\/belgium.easo.org\/fr\/wp-json\/wp\/v2\/pages\/47\/revisions"}],"predecessor-version":[{"id":2417,"href":"https:\/\/belgium.easo.org\/fr\/wp-json\/wp\/v2\/pages\/47\/revisions\/2417"}],"wp:attachment":[{"href":"https:\/\/belgium.easo.org\/fr\/wp-json\/wp\/v2\/media?parent=47"}],"curies":[{"name":"wp","href":"https:\/\/api.w.org\/{rel}","templated":true}]}}