{"id":45,"date":"2023-03-13T11:24:31","date_gmt":"2023-03-13T10:24:31","guid":{"rendered":"https:\/\/belgium.easo.org\/?page_id=45"},"modified":"2025-03-04T16:46:56","modified_gmt":"2025-03-04T15:46:56","slug":"news","status":"publish","type":"page","link":"https:\/\/belgium.easo.org\/fr\/news\/","title":{"rendered":"Actualit\u00e9s"},"content":{"rendered":"<p>[et_pb_section fb_built=&#8221;1&#8243; _builder_version=&#8221;4.20.2&#8243; _module_preset=&#8221;default&#8221; background_color=&#8221;#FFFFFF&#8221; global_colors_info=&#8221;{}&#8221;][et_pb_row _builder_version=&#8221;4.20.2&#8243; _module_preset=&#8221;default&#8221; global_colors_info=&#8221;{}&#8221;][et_pb_column type=&#8221;4_4&#8243; _builder_version=&#8221;4.20.2&#8243; _module_preset=&#8221;default&#8221; global_colors_info=&#8221;{}&#8221;][et_pb_text _builder_version=&#8221;4.20.2&#8243; _module_preset=&#8221;default&#8221; global_colors_info=&#8221;{}&#8221;]<\/p>\n<h1>News<\/h1>\n<p>[\/et_pb_text][\/et_pb_column][\/et_pb_row][et_pb_row _builder_version=&#8221;4.24.0&#8243; _module_preset=&#8221;default&#8221; global_colors_info=&#8221;{}&#8221;][et_pb_column type=&#8221;4_4&#8243; _builder_version=&#8221;4.20.2&#8243; _module_preset=&#8221;default&#8221; global_colors_info=&#8221;{}&#8221;][et_pb_blog fullwidth=&#8221;off&#8221; posts_number=&#8221;12&#8243; excerpt_length=&#8221;90&#8243; show_more=&#8221;on&#8221; show_author=&#8221;off&#8221; masonry_tile_background_color=&#8221;#F7F7F7&#8243; module_class=&#8221;pa-blog-equal-height&#8221; _builder_version=&#8221;4.27.4&#8243; _module_preset=&#8221;default&#8221; header_level=&#8221;h3&#8243; header_font_size=&#8221;16px&#8221; header_letter_spacing=&#8221;1px&#8221; header_line_height=&#8221;1.4em&#8221; body_font_size=&#8221;14px&#8221; meta_text_color=&#8221;#D9453C&#8221; meta_font_size=&#8221;12px&#8221; background_color=&#8221;RGBA(255,255,255,0)&#8221; hover_enabled=&#8221;0&#8243; border_width_all=&#8221;0px&#8221; locked=&#8221;off&#8221; global_colors_info=&#8221;{}&#8221; include_categories=&#8221;all&#8221; sticky_enabled=&#8221;0&#8243;][\/et_pb_blog][\/et_pb_column][\/et_pb_row][\/et_pb_section]<\/p>\n","protected":false},"excerpt":{"rendered":"<p>Actualit\u00e9s<\/p>","protected":false},"author":1,"featured_media":0,"parent":0,"menu_order":0,"comment_status":"closed","ping_status":"closed","template":"","meta":{"_acf_changed":false,"_et_pb_use_builder":"on","_et_pb_old_content":"<!-- wp:divi\/placeholder \/-->","_et_gb_content_width":"","footnotes":""},"class_list":["post-45","page","type-page","status-publish","hentry"],"acf":[],"yoast_head":"<!-- This site is optimized with the Yoast SEO plugin v27.4 - https:\/\/yoast.com\/product\/yoast-seo-wordpress\/ -->\n<title>News - The Belgian Association for the Study of Obesity<\/title>\n<meta name=\"robots\" content=\"index, follow, max-snippet:-1, max-image-preview:large, max-video-preview:-1\" \/>\n<link rel=\"canonical\" href=\"https:\/\/belgium.easo.org\/fr\/news\/\" \/>\n<meta property=\"og:locale\" content=\"fr_FR\" \/>\n<meta property=\"og:type\" content=\"article\" \/>\n<meta property=\"og:title\" content=\"News - The Belgian Association for the Study of Obesity\" \/>\n<meta property=\"og:description\" content=\"News\" \/>\n<meta property=\"og:url\" content=\"https:\/\/belgium.easo.org\/fr\/wp-json\/wp\/v2\/pages\/45\" \/>\n<meta property=\"og:site_name\" content=\"The Belgian Association for the Study of Obesity\" \/>\n<meta property=\"article:modified_time\" content=\"2025-03-04T15:46:56+00:00\" \/>\n<meta name=\"twitter:card\" content=\"summary_large_image\" \/>\n<script type=\"application\/ld+json\" class=\"yoast-schema-graph\">{\"@context\":\"https:\\\/\\\/schema.org\",\"@graph\":[{\"@type\":\"WebPage\",\"@id\":\"https:\\\/\\\/belgium.easo.org\\\/news\\\/\",\"url\":\"https:\\\/\\\/belgium.easo.org\\\/news\\\/\",\"name\":\"News - The Belgian Association for the Study of Obesity\",\"isPartOf\":{\"@id\":\"https:\\\/\\\/belgium.easo.org\\\/#website\"},\"datePublished\":\"2023-03-13T10:24:31+00:00\",\"dateModified\":\"2025-03-04T15:46:56+00:00\",\"breadcrumb\":{\"@id\":\"https:\\\/\\\/belgium.easo.org\\\/news\\\/#breadcrumb\"},\"inLanguage\":\"fr-BE\",\"potentialAction\":[{\"@type\":\"ReadAction\",\"target\":[\"https:\\\/\\\/belgium.easo.org\\\/news\\\/\"]}]},{\"@type\":\"BreadcrumbList\",\"@id\":\"https:\\\/\\\/belgium.easo.org\\\/news\\\/#breadcrumb\",\"itemListElement\":[{\"@type\":\"ListItem\",\"position\":1,\"name\":\"Home\",\"item\":\"https:\\\/\\\/belgium.easo.org\\\/\"},{\"@type\":\"ListItem\",\"position\":2,\"name\":\"News\"}]},{\"@type\":\"WebSite\",\"@id\":\"https:\\\/\\\/belgium.easo.org\\\/#website\",\"url\":\"https:\\\/\\\/belgium.easo.org\\\/\",\"name\":\"The Belgian Association for the Study of Obesity\",\"description\":\"\",\"potentialAction\":[{\"@type\":\"SearchAction\",\"target\":{\"@type\":\"EntryPoint\",\"urlTemplate\":\"https:\\\/\\\/belgium.easo.org\\\/?s={search_term_string}\"},\"query-input\":{\"@type\":\"PropertyValueSpecification\",\"valueRequired\":true,\"valueName\":\"search_term_string\"}}],\"inLanguage\":\"fr-BE\"}]}<\/script>\n<!-- \/ Yoast SEO plugin. -->","yoast_head_json":{"title":"News - Association belge pour l'\u00e9tude de l'ob\u00e9sit\u00e9","robots":{"index":"index","follow":"follow","max-snippet":"max-snippet:-1","max-image-preview":"max-image-preview:large","max-video-preview":"max-video-preview:-1"},"canonical":"https:\/\/belgium.easo.org\/fr\/news\/","og_locale":"fr_FR","og_type":"article","og_title":"News - The Belgian Association for the Study of Obesity","og_description":"News","og_url":"https:\/\/belgium.easo.org\/fr\/wp-json\/wp\/v2\/pages\/45","og_site_name":"The Belgian Association for the Study of Obesity","article_modified_time":"2025-03-04T15:46:56+00:00","twitter_card":"summary_large_image","schema":{"@context":"https:\/\/schema.org","@graph":[{"@type":"WebPage","@id":"https:\/\/belgium.easo.org\/news\/","url":"https:\/\/belgium.easo.org\/news\/","name":"News - Association belge pour l'\u00e9tude de l'ob\u00e9sit\u00e9","isPartOf":{"@id":"https:\/\/belgium.easo.org\/#website"},"datePublished":"2023-03-13T10:24:31+00:00","dateModified":"2025-03-04T15:46:56+00:00","breadcrumb":{"@id":"https:\/\/belgium.easo.org\/news\/#breadcrumb"},"inLanguage":"fr-BE","potentialAction":[{"@type":"ReadAction","target":["https:\/\/belgium.easo.org\/news\/"]}]},{"@type":"BreadcrumbList","@id":"https:\/\/belgium.easo.org\/news\/#breadcrumb","itemListElement":[{"@type":"ListItem","position":1,"name":"Home","item":"https:\/\/belgium.easo.org\/"},{"@type":"ListItem","position":2,"name":"News"}]},{"@type":"WebSite","@id":"https:\/\/belgium.easo.org\/#website","url":"https:\/\/belgium.easo.org\/","name":"L'Association belge pour l'\u00e9tude de l'ob\u00e9sit\u00e9","description":"","potentialAction":[{"@type":"SearchAction","target":{"@type":"EntryPoint","urlTemplate":"https:\/\/belgium.easo.org\/?s={search_term_string}"},"query-input":{"@type":"PropertyValueSpecification","valueRequired":true,"valueName":"search_term_string"}}],"inLanguage":"fr-BE"}]}},"_links":{"self":[{"href":"https:\/\/belgium.easo.org\/fr\/wp-json\/wp\/v2\/pages\/45","targetHints":{"allow":["GET"]}}],"collection":[{"href":"https:\/\/belgium.easo.org\/fr\/wp-json\/wp\/v2\/pages"}],"about":[{"href":"https:\/\/belgium.easo.org\/fr\/wp-json\/wp\/v2\/types\/page"}],"author":[{"embeddable":true,"href":"https:\/\/belgium.easo.org\/fr\/wp-json\/wp\/v2\/users\/1"}],"replies":[{"embeddable":true,"href":"https:\/\/belgium.easo.org\/fr\/wp-json\/wp\/v2\/comments?post=45"}],"version-history":[{"count":5,"href":"https:\/\/belgium.easo.org\/fr\/wp-json\/wp\/v2\/pages\/45\/revisions"}],"predecessor-version":[{"id":2111,"href":"https:\/\/belgium.easo.org\/fr\/wp-json\/wp\/v2\/pages\/45\/revisions\/2111"}],"wp:attachment":[{"href":"https:\/\/belgium.easo.org\/fr\/wp-json\/wp\/v2\/media?parent=45"}],"curies":[{"name":"wp","href":"https:\/\/api.w.org\/{rel}","templated":true}]}}