{"id":41,"date":"2023-03-13T11:23:41","date_gmt":"2023-03-13T10:23:41","guid":{"rendered":"https:\/\/belgium.easo.org\/?page_id=41"},"modified":"2025-03-18T13:21:42","modified_gmt":"2025-03-18T12:21:42","slug":"about-obesity-platform-belgium","status":"publish","type":"page","link":"https:\/\/belgium.easo.org\/fr\/about-obesity-platform-belgium\/","title":{"rendered":"\u00c0 propos de la Plate-forme Ob\u00e9sit\u00e9 Belgique"},"content":{"rendered":"<p>[et_pb_section fb_built=&#8221;1&#8243; _builder_version=&#8221;4.27.4&#8243; _module_preset=&#8221;default&#8221; background_color=&#8221;#4eb475&#8243; global_colors_info=&#8221;{}&#8221;][et_pb_row column_structure=&#8221;2_3,1_3&#8243; _builder_version=&#8221;4.20.2&#8243; _module_preset=&#8221;default&#8221; global_colors_info=&#8221;{}&#8221;][et_pb_column type=&#8221;2_3&#8243; _builder_version=&#8221;4.20.2&#8243; _module_preset=&#8221;default&#8221; global_colors_info=&#8221;{}&#8221;][et_pb_text _builder_version=&#8221;4.20.4&#8243; _module_preset=&#8221;default&#8221; text_text_color=&#8221;#FFFFFF&#8221; header_text_color=&#8221;#F7F7F7&#8243; global_colors_info=&#8221;{}&#8221;]<\/p>\n<h1>About Obesity Platform Belgium<strong><\/strong><\/h1>\n<p>Obesity Platform Belgium is a new policy oriented Platform with the aim to build bridges from the scientific community with patients, industry partners and policy makers<strong>.<\/strong><\/p>\n<p>[\/et_pb_text][\/et_pb_column][et_pb_column type=&#8221;1_3&#8243; _builder_version=&#8221;4.20.2&#8243; _module_preset=&#8221;default&#8221; global_colors_info=&#8221;{}&#8221;][et_pb_image src=&#8221;https:\/\/belgium.easo.org\/wp-content\/uploads\/2023\/04\/OPB-logo.png&#8221; alt=&#8221;OPB Logo&#8221; title_text=&#8221;OPB logo&#8221; align=&#8221;center&#8221; _builder_version=&#8221;4.20.4&#8243; _module_preset=&#8221;default&#8221; border_radii=&#8221;on|15px|15px|15px|15px&#8221; global_colors_info=&#8221;{}&#8221;][\/et_pb_image][\/et_pb_column][\/et_pb_row][et_pb_row column_structure=&#8221;2_5,3_5&#8243; _builder_version=&#8221;4.20.4&#8243; _module_preset=&#8221;default&#8221; global_colors_info=&#8221;{}&#8221;][et_pb_column type=&#8221;2_5&#8243; _builder_version=&#8221;4.20.2&#8243; _module_preset=&#8221;default&#8221; global_colors_info=&#8221;{}&#8221;][et_pb_image src=&#8221;https:\/\/belgium.easo.org\/wp-content\/uploads\/2023\/04\/OPB-picture.jpg&#8221; alt=&#8221;People stack their hands&#8221; title_text=&#8221;OPB picture&#8221; align=&#8221;center&#8221; _builder_version=&#8221;4.20.4&#8243; _module_preset=&#8221;default&#8221; global_colors_info=&#8221;{}&#8221;][\/et_pb_image][et_pb_image src=&#8221;https:\/\/belgium.easo.org\/wp-content\/uploads\/2025\/02\/BASO-White-Paper.jpg&#8221; alt=&#8221;Cover of a white paper by Obesity Platform Belgium titled %22Policy Recommendations for a Holistic Approach to Obesity as a Chronic Disease,%22 with BASO and OPB logos.&#8221; title_text=&#8221;Cover of a white paper by Obesity Platform Belgium titled %22Policy Recommendations for a Holistic Approach to Obesity as a Chronic Disease,%22 with BASO and OPB logos.&#8221; url=&#8221;https:\/\/belgium.easo.org\/wp-content\/uploads\/2024\/07\/120724_White-Paper_EN.pdf&#8221; url_new_window=&#8221;on&#8221; _builder_version=&#8221;4.27.4&#8243; _module_preset=&#8221;default&#8221; custom_margin=&#8221;||||false|false&#8221; custom_margin_tablet=&#8221;0px||||false|false&#8221; custom_margin_phone=&#8221;0px||||false|false&#8221; custom_margin_last_edited=&#8221;on|desktop&#8221; locked=&#8221;off&#8221; global_colors_info=&#8221;{}&#8221;][\/et_pb_image][et_pb_button button_url=&#8221;https:\/\/belgium.easo.org\/wp-content\/uploads\/2024\/07\/120724_White-Paper_EN.pdf&#8221; url_new_window=&#8221;on&#8221; button_text=&#8221;Download the PDF&#8221; _builder_version=&#8221;4.27.4&#8243; _dynamic_attributes=&#8221;button_url&#8221; _module_preset=&#8221;default&#8221; custom_button=&#8221;on&#8221; button_text_color=&#8221;#FFFFFF&#8221; button_border_color=&#8221;#FFFFFF&#8221; button_use_icon=&#8221;off&#8221; locked=&#8221;off&#8221; global_colors_info=&#8221;{}&#8221;][\/et_pb_button][\/et_pb_column][et_pb_column type=&#8221;3_5&#8243; _builder_version=&#8221;4.20.2&#8243; _module_preset=&#8221;default&#8221; global_colors_info=&#8221;{}&#8221;][et_pb_text _builder_version=&#8221;4.27.4&#8243; _module_preset=&#8221;default&#8221; text_text_color=&#8221;#FFFFFF&#8221; header_2_text_color=&#8221;#F7F7F7&#8243; global_colors_info=&#8221;{}&#8221;]<\/p>\n<h2>The vision of Obesity Platform Belgium<\/h2>\n<p>The Platform stimulates the cooperation of a diverse group of experts in the field of obesity and patient representatives in order to achieve effective obesity policies and, hence, lead to more support for effective prevention measures and better care and improved health outcomes for people living with obesity in Belgium.<\/p>\n<h2>The mission of Obesity Platform Belgium<\/h2>\n<p>The mission of the OPB is on the one hand, support policymakers in developing policy to prevent obesity and on the other hand improving access to evidence based and structured care in a cost-effective manner and raise the standards of quality care. We aim to eliminate obesity-related prejudices and stigmas, while informing policymakers and other actors about the nature of the disease and its treatment methods. Through this change in narrative, we strive to ensure that people living with obesity gain access to the same medically necessary and covered care offered to others who suffer from chronic diseases.<\/p>\n<h2>Why now?<\/h2>\n<p>Obesity has been earmarked as a health care priority to work on. This is an important signal from the Federal Minister of Public Health Mr. Frank Vandenbroucke and the RIZIV\/INAMI, the Belgian institute for health and disability Insurance. This creates a unique momentum for a coalition of Belgian obesity experts, pleading for a care path that focuses on accessible and efficient obesity care. The right care should be given at the right time and adapted to every individual\u2019s needs. The exceptional collaboration, coming from different perspectives within the Platform, has one main purpose: to provide solutions to the many challenges surrounding effective obesity care.<\/p>\n<p>[\/et_pb_text][\/et_pb_column][\/et_pb_row][\/et_pb_section][et_pb_section fb_built=&#8221;1&#8243; _builder_version=&#8221;4.27.4&#8243; _module_preset=&#8221;default&#8221; background_color=&#8221;#4eb475&#8243; global_colors_info=&#8221;{}&#8221;][et_pb_row _builder_version=&#8221;4.20.2&#8243; _module_preset=&#8221;default&#8221; global_colors_info=&#8221;{}&#8221;][et_pb_column type=&#8221;4_4&#8243; _builder_version=&#8221;4.20.2&#8243; _module_preset=&#8221;default&#8221; global_colors_info=&#8221;{}&#8221;][et_pb_text _builder_version=&#8221;4.27.4&#8243; _module_preset=&#8221;default&#8221; text_text_color=&#8221;#FFFFFF&#8221; header_text_color=&#8221;#F7F7F7&#8243; header_2_text_color=&#8221;#FFFFFF&#8221; global_colors_info=&#8221;{}&#8221;]<\/p>\n<h2>Steering Committee<strong><\/strong><\/h2>\n<p>[\/et_pb_text][et_pb_text _builder_version=&#8221;4.27.4&#8243; _module_preset=&#8221;default&#8221; text_text_color=&#8221;#FFFFFF&#8221; header_text_color=&#8221;#F7F7F7&#8243; header_3_text_align=&#8221;center&#8221; header_3_text_color=&#8221;#FFFFFF&#8221; global_colors_info=&#8221;{}&#8221;]<\/p>\n<h3>Voting Members<\/h3>\n<p>[\/et_pb_text][dipl_separator separator_type=&#8221;dipl_shadow&#8221; separator_color=&#8221;#FFFFFF&#8221; _builder_version=&#8221;4.27.4&#8243; _module_preset=&#8221;default&#8221; global_colors_info=&#8221;{}&#8221;][\/dipl_separator][\/et_pb_column][\/et_pb_row][et_pb_row column_structure=&#8221;1_2,1_2&#8243; _builder_version=&#8221;4.20.4&#8243; _module_preset=&#8221;default&#8221; global_colors_info=&#8221;{}&#8221;][et_pb_column type=&#8221;1_2&#8243; _builder_version=&#8221;4.20.2&#8243; _module_preset=&#8221;default&#8221; global_colors_info=&#8221;{}&#8221;][et_pb_text _builder_version=&#8221;4.27.4&#8243; _module_preset=&#8221;default&#8221; text_text_color=&#8221;#FFFFFF&#8221; text_orientation=&#8221;center&#8221; global_colors_info=&#8221;{}&#8221;]<\/p>\n<p><em>Bart Van der Schueren \u2013 chair (BASO)<\/em><br \/><em>Inge Gies \u2013 co-chair (BASO)<\/em><br \/><em>Matthias Lannoo (BASO)<\/em><br \/><em>Roland Devliegher (BASO)<\/em><br \/><em>Stefan Teughels (BASO)<\/em><i><br \/><\/i><\/p>\n<p>[\/et_pb_text][\/et_pb_column][et_pb_column type=&#8221;1_2&#8243; _builder_version=&#8221;4.20.2&#8243; _module_preset=&#8221;default&#8221; global_colors_info=&#8221;{}&#8221;][et_pb_text _builder_version=&#8221;4.27.4&#8243; _module_preset=&#8221;default&#8221; text_text_color=&#8221;#FFFFFF&#8221; text_orientation=&#8221;center&#8221; global_colors_info=&#8221;{}&#8221;]<\/p>\n<p><em>Pascale Chasseur (BASO)<\/em><br \/><em>Eveline Dirinck (BASO)<\/em><br \/><em>Nathalie Esser (BASO)<br \/>Nele Steenackers (BASO)<\/em><br \/><em>Ines Van Houtte (BASO Patient Council)\u00a0<\/em><\/p>\n<p>[\/et_pb_text][\/et_pb_column][\/et_pb_row][et_pb_row _builder_version=&#8221;4.20.2&#8243; _module_preset=&#8221;default&#8221; global_colors_info=&#8221;{}&#8221;][et_pb_column type=&#8221;4_4&#8243; _builder_version=&#8221;4.20.2&#8243; _module_preset=&#8221;default&#8221; global_colors_info=&#8221;{}&#8221;][et_pb_text _builder_version=&#8221;4.27.4&#8243; _module_preset=&#8221;default&#8221; text_text_color=&#8221;#FFFFFF&#8221; header_text_color=&#8221;#F7F7F7&#8243; header_3_text_align=&#8221;center&#8221; header_3_text_color=&#8221;#FFFFFF&#8221; global_colors_info=&#8221;{}&#8221;]<\/p>\n<h3>Non-voting Members<\/h3>\n<p>[\/et_pb_text][dipl_separator separator_type=&#8221;dipl_shadow&#8221; separator_color=&#8221;#FFFFFF&#8221; _builder_version=&#8221;4.27.4&#8243; _module_preset=&#8221;default&#8221; global_colors_info=&#8221;{}&#8221;][\/dipl_separator][\/et_pb_column][\/et_pb_row][et_pb_row column_structure=&#8221;1_2,1_2&#8243; _builder_version=&#8221;4.20.4&#8243; _module_preset=&#8221;default&#8221; global_colors_info=&#8221;{}&#8221;][et_pb_column type=&#8221;1_2&#8243; _builder_version=&#8221;4.20.2&#8243; _module_preset=&#8221;default&#8221; global_colors_info=&#8221;{}&#8221;][et_pb_text _builder_version=&#8221;4.27.4&#8243; _module_preset=&#8221;default&#8221; text_text_color=&#8221;#FFFFFF&#8221; text_orientation=&#8221;center&#8221; global_colors_info=&#8221;{}&#8221;]<\/p>\n<p><em>Boehringer Ingelheim<\/em><br \/><em>Colruyt Group<\/em><br \/><em>Denis Pitot (BESOMS liaison)<\/em><br \/><em>Goodlife<\/em><br \/><em>Johnson &amp; Johnson<\/em><\/p>\n<p>[\/et_pb_text][\/et_pb_column][et_pb_column type=&#8221;1_2&#8243; _builder_version=&#8221;4.20.2&#8243; _module_preset=&#8221;default&#8221; global_colors_info=&#8221;{}&#8221;][et_pb_text _builder_version=&#8221;4.27.4&#8243; _module_preset=&#8221;default&#8221; text_text_color=&#8221;#FFFFFF&#8221; text_orientation=&#8221;center&#8221; global_colors_info=&#8221;{}&#8221;]<\/p>\n<p><i><span data-contrast=\"auto\">Lilly<br \/><\/span><\/i><em>Medtronic<br \/><\/em><em>Novo Nordisk<br \/><\/em><span data-ccp-props=\"{&quot;201341983&quot;:0,&quot;335559685&quot;:2160,&quot;335559739&quot;:160,&quot;335559740&quot;:259}\">\u00a0<\/span><i><span data-contrast=\"auto\">Rhythm\u00a0<\/span><\/i><span data-ccp-props=\"{&quot;201341983&quot;:0,&quot;335559685&quot;:2160,&quot;335559739&quot;:160,&quot;335559740&quot;:259}\">\u00a0<\/span><\/p>\n<p>[\/et_pb_text][\/et_pb_column][\/et_pb_row][\/et_pb_section][et_pb_section fb_built=&#8221;1&#8243; _builder_version=&#8221;4.20.2&#8243; _module_preset=&#8221;default&#8221; background_color=&#8221;#1D6EAA&#8221; custom_padding=&#8221;10px||10px||true|false&#8221; saved_tabs=&#8221;all&#8221; global_colors_info=&#8221;{}&#8221; global_module=&#8221;2180&#8243; theme_builder_area=&#8221;post_content&#8221;][et_pb_row _builder_version=&#8221;4.20.2&#8243; _module_preset=&#8221;default&#8221; global_colors_info=&#8221;{}&#8221; theme_builder_area=&#8221;post_content&#8221;][et_pb_column type=&#8221;4_4&#8243; _builder_version=&#8221;4.20.2&#8243; _module_preset=&#8221;default&#8221; global_colors_info=&#8221;{}&#8221; theme_builder_area=&#8221;post_content&#8221;][et_pb_text _builder_version=&#8221;4.20.2&#8243; _module_preset=&#8221;default&#8221; text_text_color=&#8221;#FFFFFF&#8221; header_text_align=&#8221;center&#8221; header_2_text_align=&#8221;center&#8221; header_2_text_color=&#8221;#F7F7F7&#8243; text_orientation=&#8221;center&#8221; module_alignment=&#8221;center&#8221; global_colors_info=&#8221;{}&#8221; theme_builder_area=&#8221;post_content&#8221;]<\/p>\n<h2>Join BASO<\/h2>\n<p>Apply for membership of BASO for an annual membership fee of \u20ac40<\/p>\n<p>[\/et_pb_text][et_pb_button button_url=&#8221;@ET-DC@eyJkeW5hbWljIjp0cnVlLCJjb250ZW50IjoicG9zdF9saW5rX3VybF9wYWdlIiwic2V0dGluZ3MiOnsicG9zdF9pZCI6IjQ3In19@&#8221; url_new_window=&#8221;on&#8221; button_text=&#8221;Join Now&#8221; button_alignment=&#8221;center&#8221; _builder_version=&#8221;4.27.4&#8243; _dynamic_attributes=&#8221;button_url&#8221; _module_preset=&#8221;default&#8221; custom_button=&#8221;on&#8221; button_text_color=&#8221;#FFFFFF&#8221; button_border_color=&#8221;#FFFFFF&#8221; button_use_icon=&#8221;off&#8221; global_colors_info=&#8221;{}&#8221; theme_builder_area=&#8221;post_content&#8221;][\/et_pb_button][\/et_pb_column][\/et_pb_row][\/et_pb_section]<\/p>\n","protected":false},"excerpt":{"rendered":"<p>About Obesity Platform Belgium Obesity Platform Belgium is a new policy oriented Platform with the aim to build bridges from the scientific community with patients, industry partners and policy makers.The vision of Obesity Platform Belgium The Platform stimulates the cooperation of a diverse group of experts in the field of obesity and patient representatives in [&hellip;]<\/p>\n","protected":false},"author":1,"featured_media":0,"parent":0,"menu_order":0,"comment_status":"closed","ping_status":"closed","template":"","meta":{"_acf_changed":false,"_et_pb_use_builder":"on","_et_pb_old_content":"<!-- wp:divi\/placeholder \/-->","_et_gb_content_width":"","footnotes":""},"class_list":["post-41","page","type-page","status-publish","hentry"],"acf":[],"yoast_head":"<!-- This site is optimized with the Yoast SEO plugin v27.4 - https:\/\/yoast.com\/product\/yoast-seo-wordpress\/ -->\n<title>About Obesity Platform Belgium - The Belgian Association for the Study of Obesity<\/title>\n<meta name=\"robots\" content=\"index, follow, max-snippet:-1, max-image-preview:large, max-video-preview:-1\" \/>\n<link rel=\"canonical\" href=\"https:\/\/belgium.easo.org\/fr\/about-obesity-platform-belgium\/\" \/>\n<meta property=\"og:locale\" content=\"fr_FR\" \/>\n<meta property=\"og:type\" content=\"article\" \/>\n<meta property=\"og:title\" content=\"About Obesity Platform Belgium - The Belgian Association for the Study of Obesity\" \/>\n<meta property=\"og:description\" content=\"About Obesity Platform Belgium Obesity Platform Belgium is a new policy oriented Platform with the aim to build bridges from the scientific community with patients, industry partners and policy makers.The vision of Obesity Platform Belgium The Platform stimulates the cooperation of a diverse group of experts in the field of obesity and patient representatives in [&hellip;]\" \/>\n<meta property=\"og:url\" content=\"https:\/\/belgium.easo.org\/fr\/wp-json\/wp\/v2\/pages\/41\" \/>\n<meta property=\"og:site_name\" content=\"The Belgian Association for the Study of Obesity\" \/>\n<meta property=\"article:modified_time\" content=\"2025-03-18T12:21:42+00:00\" \/>\n<meta name=\"twitter:card\" content=\"summary_large_image\" \/>\n<meta name=\"twitter:label1\" content=\"Est. reading time\" \/>\n\t<meta name=\"twitter:data1\" content=\"2 minutes\" \/>\n<script type=\"application\/ld+json\" class=\"yoast-schema-graph\">{\"@context\":\"https:\\\/\\\/schema.org\",\"@graph\":[{\"@type\":\"WebPage\",\"@id\":\"https:\\\/\\\/belgium.easo.org\\\/about-obesity-platform-belgium\\\/\",\"url\":\"https:\\\/\\\/belgium.easo.org\\\/about-obesity-platform-belgium\\\/\",\"name\":\"About Obesity Platform Belgium - The Belgian Association for the Study of Obesity\",\"isPartOf\":{\"@id\":\"https:\\\/\\\/belgium.easo.org\\\/#website\"},\"datePublished\":\"2023-03-13T10:23:41+00:00\",\"dateModified\":\"2025-03-18T12:21:42+00:00\",\"breadcrumb\":{\"@id\":\"https:\\\/\\\/belgium.easo.org\\\/about-obesity-platform-belgium\\\/#breadcrumb\"},\"inLanguage\":\"fr-BE\",\"potentialAction\":[{\"@type\":\"ReadAction\",\"target\":[\"https:\\\/\\\/belgium.easo.org\\\/about-obesity-platform-belgium\\\/\"]}]},{\"@type\":\"BreadcrumbList\",\"@id\":\"https:\\\/\\\/belgium.easo.org\\\/about-obesity-platform-belgium\\\/#breadcrumb\",\"itemListElement\":[{\"@type\":\"ListItem\",\"position\":1,\"name\":\"Home\",\"item\":\"https:\\\/\\\/belgium.easo.org\\\/\"},{\"@type\":\"ListItem\",\"position\":2,\"name\":\"About Obesity Platform Belgium\"}]},{\"@type\":\"WebSite\",\"@id\":\"https:\\\/\\\/belgium.easo.org\\\/#website\",\"url\":\"https:\\\/\\\/belgium.easo.org\\\/\",\"name\":\"The Belgian Association for the Study of Obesity\",\"description\":\"\",\"potentialAction\":[{\"@type\":\"SearchAction\",\"target\":{\"@type\":\"EntryPoint\",\"urlTemplate\":\"https:\\\/\\\/belgium.easo.org\\\/?s={search_term_string}\"},\"query-input\":{\"@type\":\"PropertyValueSpecification\",\"valueRequired\":true,\"valueName\":\"search_term_string\"}}],\"inLanguage\":\"fr-BE\"}]}<\/script>\n<!-- \/ Yoast SEO plugin. -->","yoast_head_json":{"title":"A propos de la Plate-forme Ob\u00e9sit\u00e9 Belgique - L'Association Belge pour l'Etude de l'Ob\u00e9sit\u00e9","robots":{"index":"index","follow":"follow","max-snippet":"max-snippet:-1","max-image-preview":"max-image-preview:large","max-video-preview":"max-video-preview:-1"},"canonical":"https:\/\/belgium.easo.org\/fr\/about-obesity-platform-belgium\/","og_locale":"fr_FR","og_type":"article","og_title":"About Obesity Platform Belgium - The Belgian Association for the Study of Obesity","og_description":"About Obesity Platform Belgium Obesity Platform Belgium is a new policy oriented Platform with the aim to build bridges from the scientific community with patients, industry partners and policy makers.The vision of Obesity Platform Belgium The Platform stimulates the cooperation of a diverse group of experts in the field of obesity and patient representatives in [&hellip;]","og_url":"https:\/\/belgium.easo.org\/fr\/wp-json\/wp\/v2\/pages\/41","og_site_name":"The Belgian Association for the Study of Obesity","article_modified_time":"2025-03-18T12:21:42+00:00","twitter_card":"summary_large_image","twitter_misc":{"Est. reading time":"2 minutes"},"schema":{"@context":"https:\/\/schema.org","@graph":[{"@type":"WebPage","@id":"https:\/\/belgium.easo.org\/about-obesity-platform-belgium\/","url":"https:\/\/belgium.easo.org\/about-obesity-platform-belgium\/","name":"A propos de la Plate-forme Ob\u00e9sit\u00e9 Belgique - L'Association Belge pour l'Etude de l'Ob\u00e9sit\u00e9","isPartOf":{"@id":"https:\/\/belgium.easo.org\/#website"},"datePublished":"2023-03-13T10:23:41+00:00","dateModified":"2025-03-18T12:21:42+00:00","breadcrumb":{"@id":"https:\/\/belgium.easo.org\/about-obesity-platform-belgium\/#breadcrumb"},"inLanguage":"fr-BE","potentialAction":[{"@type":"ReadAction","target":["https:\/\/belgium.easo.org\/about-obesity-platform-belgium\/"]}]},{"@type":"BreadcrumbList","@id":"https:\/\/belgium.easo.org\/about-obesity-platform-belgium\/#breadcrumb","itemListElement":[{"@type":"ListItem","position":1,"name":"Home","item":"https:\/\/belgium.easo.org\/"},{"@type":"ListItem","position":2,"name":"About Obesity Platform Belgium"}]},{"@type":"WebSite","@id":"https:\/\/belgium.easo.org\/#website","url":"https:\/\/belgium.easo.org\/","name":"L'Association belge pour l'\u00e9tude de l'ob\u00e9sit\u00e9","description":"","potentialAction":[{"@type":"SearchAction","target":{"@type":"EntryPoint","urlTemplate":"https:\/\/belgium.easo.org\/?s={search_term_string}"},"query-input":{"@type":"PropertyValueSpecification","valueRequired":true,"valueName":"search_term_string"}}],"inLanguage":"fr-BE"}]}},"_links":{"self":[{"href":"https:\/\/belgium.easo.org\/fr\/wp-json\/wp\/v2\/pages\/41","targetHints":{"allow":["GET"]}}],"collection":[{"href":"https:\/\/belgium.easo.org\/fr\/wp-json\/wp\/v2\/pages"}],"about":[{"href":"https:\/\/belgium.easo.org\/fr\/wp-json\/wp\/v2\/types\/page"}],"author":[{"embeddable":true,"href":"https:\/\/belgium.easo.org\/fr\/wp-json\/wp\/v2\/users\/1"}],"replies":[{"embeddable":true,"href":"https:\/\/belgium.easo.org\/fr\/wp-json\/wp\/v2\/comments?post=41"}],"version-history":[{"count":5,"href":"https:\/\/belgium.easo.org\/fr\/wp-json\/wp\/v2\/pages\/41\/revisions"}],"predecessor-version":[{"id":2186,"href":"https:\/\/belgium.easo.org\/fr\/wp-json\/wp\/v2\/pages\/41\/revisions\/2186"}],"wp:attachment":[{"href":"https:\/\/belgium.easo.org\/fr\/wp-json\/wp\/v2\/media?parent=41"}],"curies":[{"name":"wp","href":"https:\/\/api.w.org\/{rel}","templated":true}]}}