{"id":2377,"date":"2026-02-23T14:21:56","date_gmt":"2026-02-23T13:21:56","guid":{"rendered":"https:\/\/belgium.easo.org\/register\/welcome\/"},"modified":"2026-02-23T14:21:56","modified_gmt":"2026-02-23T13:21:56","slug":"welcome","status":"publish","type":"page","link":"https:\/\/belgium.easo.org\/fr\/register\/welcome\/","title":{"rendered":"Welcome"},"content":{"rendered":"<p>Welcome! This is your success page where members are redirected after completing their registration.<\/p>","protected":false},"excerpt":{"rendered":"<p>Welcome! This is your success page where members are redirected after completing their registration.<\/p>","protected":false},"author":1,"featured_media":0,"parent":2376,"menu_order":0,"comment_status":"closed","ping_status":"closed","template":"","meta":{"_acf_changed":false,"_et_pb_use_builder":"","_et_pb_old_content":"","_et_gb_content_width":"","footnotes":""},"class_list":["post-2377","page","type-page","status-publish","hentry"],"acf":[],"yoast_head":"<!-- This site is optimized with the Yoast SEO plugin v27.4 - https:\/\/yoast.com\/product\/yoast-seo-wordpress\/ -->\n<title>Welcome - The Belgian Association for the Study of Obesity<\/title>\n<meta name=\"robots\" content=\"index, follow, max-snippet:-1, max-image-preview:large, max-video-preview:-1\" \/>\n<link rel=\"canonical\" href=\"https:\/\/belgium.easo.org\/fr\/register\/welcome\/\" \/>\n<meta property=\"og:locale\" content=\"fr_FR\" \/>\n<meta property=\"og:type\" content=\"article\" \/>\n<meta property=\"og:title\" content=\"Welcome - The Belgian Association for the Study of Obesity\" \/>\n<meta property=\"og:description\" content=\"Welcome! This is your success page where members are redirected after completing their registration.\" \/>\n<meta property=\"og:url\" content=\"https:\/\/belgium.easo.org\/fr\/wp-json\/wp\/v2\/pages\/2377\" \/>\n<meta property=\"og:site_name\" content=\"The Belgian Association for the Study of Obesity\" \/>\n<meta name=\"twitter:card\" content=\"summary_large_image\" \/>\n<script type=\"application\/ld+json\" class=\"yoast-schema-graph\">{\"@context\":\"https:\\\/\\\/schema.org\",\"@graph\":[{\"@type\":\"WebPage\",\"@id\":\"https:\\\/\\\/belgium.easo.org\\\/register\\\/welcome\\\/\",\"url\":\"https:\\\/\\\/belgium.easo.org\\\/register\\\/welcome\\\/\",\"name\":\"Welcome - The Belgian Association for the Study of Obesity\",\"isPartOf\":{\"@id\":\"https:\\\/\\\/belgium.easo.org\\\/#website\"},\"datePublished\":\"2026-02-23T13:21:56+00:00\",\"breadcrumb\":{\"@id\":\"https:\\\/\\\/belgium.easo.org\\\/register\\\/welcome\\\/#breadcrumb\"},\"inLanguage\":\"fr-BE\",\"potentialAction\":[{\"@type\":\"ReadAction\",\"target\":[\"https:\\\/\\\/belgium.easo.org\\\/register\\\/welcome\\\/\"]}]},{\"@type\":\"BreadcrumbList\",\"@id\":\"https:\\\/\\\/belgium.easo.org\\\/register\\\/welcome\\\/#breadcrumb\",\"itemListElement\":[{\"@type\":\"ListItem\",\"position\":1,\"name\":\"Home\",\"item\":\"https:\\\/\\\/belgium.easo.org\\\/\"},{\"@type\":\"ListItem\",\"position\":2,\"name\":\"Register\",\"item\":\"https:\\\/\\\/belgium.easo.org\\\/register\\\/\"},{\"@type\":\"ListItem\",\"position\":3,\"name\":\"Welcome\"}]},{\"@type\":\"WebSite\",\"@id\":\"https:\\\/\\\/belgium.easo.org\\\/#website\",\"url\":\"https:\\\/\\\/belgium.easo.org\\\/\",\"name\":\"The Belgian Association for the Study of Obesity\",\"description\":\"\",\"potentialAction\":[{\"@type\":\"SearchAction\",\"target\":{\"@type\":\"EntryPoint\",\"urlTemplate\":\"https:\\\/\\\/belgium.easo.org\\\/?s={search_term_string}\"},\"query-input\":{\"@type\":\"PropertyValueSpecification\",\"valueRequired\":true,\"valueName\":\"search_term_string\"}}],\"inLanguage\":\"fr-BE\"}]}<\/script>\n<!-- \/ Yoast SEO plugin. -->","yoast_head_json":{"title":"Welcome - The Belgian Association for the Study of Obesity","robots":{"index":"index","follow":"follow","max-snippet":"max-snippet:-1","max-image-preview":"max-image-preview:large","max-video-preview":"max-video-preview:-1"},"canonical":"https:\/\/belgium.easo.org\/fr\/register\/welcome\/","og_locale":"fr_FR","og_type":"article","og_title":"Welcome - The Belgian Association for the Study of Obesity","og_description":"Welcome! This is your success page where members are redirected after completing their registration.","og_url":"https:\/\/belgium.easo.org\/fr\/wp-json\/wp\/v2\/pages\/2377","og_site_name":"The Belgian Association for the Study of Obesity","twitter_card":"summary_large_image","schema":{"@context":"https:\/\/schema.org","@graph":[{"@type":"WebPage","@id":"https:\/\/belgium.easo.org\/register\/welcome\/","url":"https:\/\/belgium.easo.org\/register\/welcome\/","name":"Welcome - The Belgian Association for the Study of Obesity","isPartOf":{"@id":"https:\/\/belgium.easo.org\/#website"},"datePublished":"2026-02-23T13:21:56+00:00","breadcrumb":{"@id":"https:\/\/belgium.easo.org\/register\/welcome\/#breadcrumb"},"inLanguage":"fr-BE","potentialAction":[{"@type":"ReadAction","target":["https:\/\/belgium.easo.org\/register\/welcome\/"]}]},{"@type":"BreadcrumbList","@id":"https:\/\/belgium.easo.org\/register\/welcome\/#breadcrumb","itemListElement":[{"@type":"ListItem","position":1,"name":"Home","item":"https:\/\/belgium.easo.org\/"},{"@type":"ListItem","position":2,"name":"Register","item":"https:\/\/belgium.easo.org\/register\/"},{"@type":"ListItem","position":3,"name":"Welcome"}]},{"@type":"WebSite","@id":"https:\/\/belgium.easo.org\/#website","url":"https:\/\/belgium.easo.org\/","name":"L'Association belge pour l'\u00e9tude de l'ob\u00e9sit\u00e9","description":"","potentialAction":[{"@type":"SearchAction","target":{"@type":"EntryPoint","urlTemplate":"https:\/\/belgium.easo.org\/?s={search_term_string}"},"query-input":{"@type":"PropertyValueSpecification","valueRequired":true,"valueName":"search_term_string"}}],"inLanguage":"fr-BE"}]}},"_links":{"self":[{"href":"https:\/\/belgium.easo.org\/fr\/wp-json\/wp\/v2\/pages\/2377","targetHints":{"allow":["GET"]}}],"collection":[{"href":"https:\/\/belgium.easo.org\/fr\/wp-json\/wp\/v2\/pages"}],"about":[{"href":"https:\/\/belgium.easo.org\/fr\/wp-json\/wp\/v2\/types\/page"}],"author":[{"embeddable":true,"href":"https:\/\/belgium.easo.org\/fr\/wp-json\/wp\/v2\/users\/1"}],"replies":[{"embeddable":true,"href":"https:\/\/belgium.easo.org\/fr\/wp-json\/wp\/v2\/comments?post=2377"}],"version-history":[{"count":0,"href":"https:\/\/belgium.easo.org\/fr\/wp-json\/wp\/v2\/pages\/2377\/revisions"}],"up":[{"embeddable":true,"href":"https:\/\/belgium.easo.org\/fr\/wp-json\/wp\/v2\/pages\/2376"}],"wp:attachment":[{"href":"https:\/\/belgium.easo.org\/fr\/wp-json\/wp\/v2\/media?parent=2377"}],"curies":[{"name":"wp","href":"https:\/\/api.w.org\/{rel}","templated":true}]}}