{"id":1178,"date":"2024-02-09T14:38:11","date_gmt":"2024-02-09T13:38:11","guid":{"rendered":"https:\/\/belgium.easo.org\/?page_id=1178"},"modified":"2025-03-18T13:24:56","modified_gmt":"2025-03-18T12:24:56","slug":"early-career-network","status":"publish","type":"page","link":"https:\/\/belgium.easo.org\/fr\/initiatives\/early-career-network\/","title":{"rendered":"R\u00e9seau de d\u00e9but de carri\u00e8re"},"content":{"rendered":"<p>[et_pb_section fb_built=&#8221;1&#8243; _builder_version=&#8221;4.20.2&#8243; _module_preset=&#8221;default&#8221; background_color=&#8221;#FFFFFF&#8221; global_colors_info=&#8221;{}&#8221;][et_pb_row _builder_version=&#8221;4.20.2&#8243; _module_preset=&#8221;default&#8221; global_colors_info=&#8221;{}&#8221;][et_pb_column type=&#8221;4_4&#8243; _builder_version=&#8221;4.20.2&#8243; _module_preset=&#8221;default&#8221; global_colors_info=&#8221;{}&#8221;][et_pb_text _builder_version=&#8221;4.24.0&#8243; _module_preset=&#8221;default&#8221; global_colors_info=&#8221;{}&#8221;]<\/p>\n<h1>Early career network<\/h1>\n<p>[\/et_pb_text][\/et_pb_column][\/et_pb_row][et_pb_row column_structure=&#8221;1_2,1_2&#8243; _builder_version=&#8221;4.27.4&#8243; _module_preset=&#8221;default&#8221; global_colors_info=&#8221;{}&#8221;][et_pb_column type=&#8221;1_2&#8243; _builder_version=&#8221;4.24.0&#8243; _module_preset=&#8221;default&#8221; global_colors_info=&#8221;{}&#8221;][et_pb_text _builder_version=&#8221;4.27.4&#8243; _module_preset=&#8221;default&#8221; global_colors_info=&#8221;{}&#8221;]<\/p>\n<h3>Responsible<\/h3>\n<p>[\/et_pb_text][\/et_pb_column][et_pb_column type=&#8221;1_2&#8243; _builder_version=&#8221;4.20.2&#8243; _module_preset=&#8221;default&#8221; global_colors_info=&#8221;{}&#8221;][\/et_pb_column][\/et_pb_row][et_pb_row column_structure=&#8221;1_4,1_4,1_2&#8243; use_custom_gutter=&#8221;on&#8221; gutter_width=&#8221;2&#8243; make_equal=&#8221;on&#8221; _builder_version=&#8221;4.27.4&#8243; _module_preset=&#8221;default&#8221; locked=&#8221;off&#8221; global_colors_info=&#8221;{}&#8221;][et_pb_column type=&#8221;1_4&#8243; _builder_version=&#8221;4.27.4&#8243; _module_preset=&#8221;default&#8221; background_color=&#8221;#F7F7F7&#8243; global_colors_info=&#8221;{}&#8221;][et_pb_image src=&#8221;https:\/\/belgium.easo.org\/wp-content\/uploads\/2023\/07\/Imke-e1690195172563.jpg&#8221; alt=&#8221;A woman wearing glasses and a pink shirt.&#8221; title_text=&#8221;A woman wearing glasses and a pink shirt.&#8221; _builder_version=&#8221;4.24.0&#8243; _module_preset=&#8221;default&#8221; custom_padding=&#8221;10px|10px||10px|false|true&#8221; global_colors_info=&#8221;{}&#8221;][\/et_pb_image][et_pb_text _builder_version=&#8221;4.24.0&#8243; _module_preset=&#8221;default&#8221; custom_padding=&#8221;|15px|5px|15px|false|true&#8221; global_colors_info=&#8221;{}&#8221;]<\/p>\n<p>Dr. Imke Matthys<br \/>(Endocrinologist, UZ Gent)<\/p>\n<p>[\/et_pb_text][\/et_pb_column][et_pb_column type=&#8221;1_4&#8243; _builder_version=&#8221;4.27.4&#8243; _module_preset=&#8221;default&#8221; background_color=&#8221;#F7F7F7&#8243; global_colors_info=&#8221;{}&#8221;][et_pb_image src=&#8221;https:\/\/belgium.easo.org\/wp-content\/uploads\/2024\/03\/Nele-scaled.jpg&#8221; alt=&#8221;Portrait of a smiling woman with curly hair against a grey background.&#8221; title_text=&#8221;Portrait of a smiling woman with curly hair against a grey background.&#8221; _builder_version=&#8221;4.27.4&#8243; _module_preset=&#8221;default&#8221; custom_padding=&#8221;10px|10px||10px|false|true&#8221; global_colors_info=&#8221;{}&#8221;][\/et_pb_image][et_pb_text _builder_version=&#8221;4.27.4&#8243; _module_preset=&#8221;default&#8221; custom_padding=&#8221;|15px|5px|15px|false|true&#8221; global_colors_info=&#8221;{}&#8221;]<\/p>\n<p>Mrs. Nele Steenackers<br \/>(Nutritionist and Dietician, KULeuven)<\/p>\n<p>[\/et_pb_text][\/et_pb_column][et_pb_column type=&#8221;1_2&#8243; _builder_version=&#8221;4.24.0&#8243; _module_preset=&#8221;default&#8221; background_color=&#8221;RGBA(255,255,255,0)&#8221; global_colors_info=&#8221;{}&#8221;][et_pb_image src=&#8221;https:\/\/belgium.easo.org\/wp-content\/uploads\/2024\/10\/BASO_New_Logo_posts.jpg&#8221; alt=&#8221;Logo of the Belgian Association for the Study of Obesity (BASO) featuring the acronym %22BASO%22 with a stylized yellow ring around the %22O%22.&#8221; title_text=&#8221;Logo of the Belgian Association for the Study of Obesity (BASO) featuring the acronym %22BASO%22 with a stylized yellow ring around the %22O%22.&#8221; _builder_version=&#8221;4.27.4&#8243; _module_preset=&#8221;default&#8221; global_colors_info=&#8221;{}&#8221;][\/et_pb_image][\/et_pb_column][\/et_pb_row][et_pb_row _builder_version=&#8221;4.27.4&#8243; _module_preset=&#8221;default&#8221; global_colors_info=&#8221;{}&#8221;][et_pb_column type=&#8221;4_4&#8243; _builder_version=&#8221;4.27.4&#8243; _module_preset=&#8221;default&#8221; global_colors_info=&#8221;{}&#8221;][et_pb_accordion _builder_version=&#8221;4.27.4&#8243; _module_preset=&#8221;default&#8221; global_colors_info=&#8221;{}&#8221;][et_pb_accordion_item title=&#8221;Newsletter January 2025 &#8221; open=&#8221;on&#8221; _builder_version=&#8221;4.27.4&#8243; _module_preset=&#8221;default&#8221; global_colors_info=&#8221;{}&#8221;]<\/p>\n<p>You can read the newsletter <a href=\"https:\/\/belgium.easo.org\/wp-content\/uploads\/2025\/02\/NewsletterJanuary2025-2.pdf\" target=\"_blank\" rel=\"noopener\">here<\/a><\/p>\n<p>[\/et_pb_accordion_item][\/et_pb_accordion][\/et_pb_column][\/et_pb_row][\/et_pb_section][et_pb_section fb_built=&#8221;1&#8243; _builder_version=&#8221;4.20.2&#8243; _module_preset=&#8221;default&#8221; background_color=&#8221;#1D6EAA&#8221; custom_padding=&#8221;10px||10px||true|false&#8221; saved_tabs=&#8221;all&#8221; global_colors_info=&#8221;{}&#8221; global_module=&#8221;2180&#8243; theme_builder_area=&#8221;post_content&#8221;][et_pb_row _builder_version=&#8221;4.20.2&#8243; _module_preset=&#8221;default&#8221; global_colors_info=&#8221;{}&#8221; theme_builder_area=&#8221;post_content&#8221;][et_pb_column type=&#8221;4_4&#8243; _builder_version=&#8221;4.20.2&#8243; _module_preset=&#8221;default&#8221; global_colors_info=&#8221;{}&#8221; theme_builder_area=&#8221;post_content&#8221;][et_pb_text _builder_version=&#8221;4.20.2&#8243; _module_preset=&#8221;default&#8221; text_text_color=&#8221;#FFFFFF&#8221; header_text_align=&#8221;center&#8221; header_2_text_align=&#8221;center&#8221; header_2_text_color=&#8221;#F7F7F7&#8243; text_orientation=&#8221;center&#8221; module_alignment=&#8221;center&#8221; global_colors_info=&#8221;{}&#8221; theme_builder_area=&#8221;post_content&#8221;]<\/p>\n<h2>Join BASO<\/h2>\n<p>Apply for membership of BASO for an annual membership fee of \u20ac40<\/p>\n<p>[\/et_pb_text][et_pb_button button_url=&#8221;@ET-DC@eyJkeW5hbWljIjp0cnVlLCJjb250ZW50IjoicG9zdF9saW5rX3VybF9wYWdlIiwic2V0dGluZ3MiOnsicG9zdF9pZCI6IjQ3In19@&#8221; url_new_window=&#8221;on&#8221; button_text=&#8221;Join Now&#8221; button_alignment=&#8221;center&#8221; _builder_version=&#8221;4.27.4&#8243; _dynamic_attributes=&#8221;button_url&#8221; _module_preset=&#8221;default&#8221; custom_button=&#8221;on&#8221; button_text_color=&#8221;#FFFFFF&#8221; button_border_color=&#8221;#FFFFFF&#8221; button_use_icon=&#8221;off&#8221; global_colors_info=&#8221;{}&#8221; theme_builder_area=&#8221;post_content&#8221;][\/et_pb_button][\/et_pb_column][\/et_pb_row][\/et_pb_section]<\/p>\n","protected":false},"excerpt":{"rendered":"<p>R\u00e9seau de d\u00e9but de carri\u00e8reResponsableDr. Imke Matthys(Endocrinologue, UZ Gent)Mme. Nele Steenackers(Nutritionniste et Di\u00e9t\u00e9ticienne, KULeuven)Vous pouvez lire le bulletin d'information iciAdh\u00e9rez \u00e0 BASO Demandez \u00e0 devenir membre de BASO pour une cotisation annuelle de \u20ac40<\/p>","protected":false},"author":1,"featured_media":0,"parent":1172,"menu_order":0,"comment_status":"closed","ping_status":"closed","template":"","meta":{"_acf_changed":false,"_et_pb_use_builder":"on","_et_pb_old_content":"<!-- wp:divi\/placeholder \/-->","_et_gb_content_width":"","footnotes":""},"class_list":["post-1178","page","type-page","status-publish","hentry"],"acf":[],"yoast_head":"<!-- This site is optimized with the Yoast SEO plugin v27.4 - https:\/\/yoast.com\/product\/yoast-seo-wordpress\/ -->\n<title>Early career network - The Belgian Association for the Study of Obesity<\/title>\n<meta name=\"robots\" content=\"index, follow, max-snippet:-1, max-image-preview:large, max-video-preview:-1\" \/>\n<link rel=\"canonical\" href=\"https:\/\/belgium.easo.org\/fr\/initiatives\/early-career-network\/\" \/>\n<meta property=\"og:locale\" content=\"fr_FR\" \/>\n<meta property=\"og:type\" content=\"article\" \/>\n<meta property=\"og:title\" content=\"Early career network - The Belgian Association for the Study of Obesity\" \/>\n<meta property=\"og:description\" content=\"Early career networkResponsibleDr. Imke Matthys(Endocrinologist, UZ Gent)Mrs. Nele Steenackers(Nutritionist and Dietician, KULeuven)You can read the newsletter hereJoin BASO Apply for membership of BASO for an annual membership fee of \u20ac40\" \/>\n<meta property=\"og:url\" content=\"https:\/\/belgium.easo.org\/fr\/wp-json\/wp\/v2\/pages\/1178\" \/>\n<meta property=\"og:site_name\" content=\"The Belgian Association for the Study of Obesity\" \/>\n<meta property=\"article:modified_time\" content=\"2025-03-18T12:24:56+00:00\" \/>\n<meta name=\"twitter:card\" content=\"summary_large_image\" \/>\n<script type=\"application\/ld+json\" class=\"yoast-schema-graph\">{\"@context\":\"https:\\\/\\\/schema.org\",\"@graph\":[{\"@type\":\"WebPage\",\"@id\":\"https:\\\/\\\/belgium.easo.org\\\/initiatives\\\/early-career-network\\\/\",\"url\":\"https:\\\/\\\/belgium.easo.org\\\/initiatives\\\/early-career-network\\\/\",\"name\":\"Early career network - The Belgian Association for the Study of Obesity\",\"isPartOf\":{\"@id\":\"https:\\\/\\\/belgium.easo.org\\\/#website\"},\"datePublished\":\"2024-02-09T13:38:11+00:00\",\"dateModified\":\"2025-03-18T12:24:56+00:00\",\"breadcrumb\":{\"@id\":\"https:\\\/\\\/belgium.easo.org\\\/initiatives\\\/early-career-network\\\/#breadcrumb\"},\"inLanguage\":\"fr-BE\",\"potentialAction\":[{\"@type\":\"ReadAction\",\"target\":[\"https:\\\/\\\/belgium.easo.org\\\/initiatives\\\/early-career-network\\\/\"]}]},{\"@type\":\"BreadcrumbList\",\"@id\":\"https:\\\/\\\/belgium.easo.org\\\/initiatives\\\/early-career-network\\\/#breadcrumb\",\"itemListElement\":[{\"@type\":\"ListItem\",\"position\":1,\"name\":\"Home\",\"item\":\"https:\\\/\\\/belgium.easo.org\\\/\"},{\"@type\":\"ListItem\",\"position\":2,\"name\":\"Other Initiatives\",\"item\":\"https:\\\/\\\/belgium.easo.org\\\/initiatives\\\/\"},{\"@type\":\"ListItem\",\"position\":3,\"name\":\"Early career network\"}]},{\"@type\":\"WebSite\",\"@id\":\"https:\\\/\\\/belgium.easo.org\\\/#website\",\"url\":\"https:\\\/\\\/belgium.easo.org\\\/\",\"name\":\"The Belgian Association for the Study of Obesity\",\"description\":\"\",\"potentialAction\":[{\"@type\":\"SearchAction\",\"target\":{\"@type\":\"EntryPoint\",\"urlTemplate\":\"https:\\\/\\\/belgium.easo.org\\\/?s={search_term_string}\"},\"query-input\":{\"@type\":\"PropertyValueSpecification\",\"valueRequired\":true,\"valueName\":\"search_term_string\"}}],\"inLanguage\":\"fr-BE\"}]}<\/script>\n<!-- \/ Yoast SEO plugin. -->","yoast_head_json":{"title":"R\u00e9seau de d\u00e9but de carri\u00e8re - Association belge pour l'\u00e9tude de l'ob\u00e9sit\u00e9","robots":{"index":"index","follow":"follow","max-snippet":"max-snippet:-1","max-image-preview":"max-image-preview:large","max-video-preview":"max-video-preview:-1"},"canonical":"https:\/\/belgium.easo.org\/fr\/initiatives\/early-career-network\/","og_locale":"fr_FR","og_type":"article","og_title":"Early career network - The Belgian Association for the Study of Obesity","og_description":"Early career networkResponsibleDr. Imke Matthys(Endocrinologist, UZ Gent)Mrs. Nele Steenackers(Nutritionist and Dietician, KULeuven)You can read the newsletter hereJoin BASO Apply for membership of BASO for an annual membership fee of \u20ac40","og_url":"https:\/\/belgium.easo.org\/fr\/wp-json\/wp\/v2\/pages\/1178","og_site_name":"The Belgian Association for the Study of Obesity","article_modified_time":"2025-03-18T12:24:56+00:00","twitter_card":"summary_large_image","schema":{"@context":"https:\/\/schema.org","@graph":[{"@type":"WebPage","@id":"https:\/\/belgium.easo.org\/initiatives\/early-career-network\/","url":"https:\/\/belgium.easo.org\/initiatives\/early-career-network\/","name":"R\u00e9seau de d\u00e9but de carri\u00e8re - Association belge pour l'\u00e9tude de l'ob\u00e9sit\u00e9","isPartOf":{"@id":"https:\/\/belgium.easo.org\/#website"},"datePublished":"2024-02-09T13:38:11+00:00","dateModified":"2025-03-18T12:24:56+00:00","breadcrumb":{"@id":"https:\/\/belgium.easo.org\/initiatives\/early-career-network\/#breadcrumb"},"inLanguage":"fr-BE","potentialAction":[{"@type":"ReadAction","target":["https:\/\/belgium.easo.org\/initiatives\/early-career-network\/"]}]},{"@type":"BreadcrumbList","@id":"https:\/\/belgium.easo.org\/initiatives\/early-career-network\/#breadcrumb","itemListElement":[{"@type":"ListItem","position":1,"name":"Home","item":"https:\/\/belgium.easo.org\/"},{"@type":"ListItem","position":2,"name":"Other Initiatives","item":"https:\/\/belgium.easo.org\/initiatives\/"},{"@type":"ListItem","position":3,"name":"Early career network"}]},{"@type":"WebSite","@id":"https:\/\/belgium.easo.org\/#website","url":"https:\/\/belgium.easo.org\/","name":"L'Association belge pour l'\u00e9tude de l'ob\u00e9sit\u00e9","description":"","potentialAction":[{"@type":"SearchAction","target":{"@type":"EntryPoint","urlTemplate":"https:\/\/belgium.easo.org\/?s={search_term_string}"},"query-input":{"@type":"PropertyValueSpecification","valueRequired":true,"valueName":"search_term_string"}}],"inLanguage":"fr-BE"}]}},"_links":{"self":[{"href":"https:\/\/belgium.easo.org\/fr\/wp-json\/wp\/v2\/pages\/1178","targetHints":{"allow":["GET"]}}],"collection":[{"href":"https:\/\/belgium.easo.org\/fr\/wp-json\/wp\/v2\/pages"}],"about":[{"href":"https:\/\/belgium.easo.org\/fr\/wp-json\/wp\/v2\/types\/page"}],"author":[{"embeddable":true,"href":"https:\/\/belgium.easo.org\/fr\/wp-json\/wp\/v2\/users\/1"}],"replies":[{"embeddable":true,"href":"https:\/\/belgium.easo.org\/fr\/wp-json\/wp\/v2\/comments?post=1178"}],"version-history":[{"count":5,"href":"https:\/\/belgium.easo.org\/fr\/wp-json\/wp\/v2\/pages\/1178\/revisions"}],"predecessor-version":[{"id":2194,"href":"https:\/\/belgium.easo.org\/fr\/wp-json\/wp\/v2\/pages\/1178\/revisions\/2194"}],"up":[{"embeddable":true,"href":"https:\/\/belgium.easo.org\/fr\/wp-json\/wp\/v2\/pages\/1172"}],"wp:attachment":[{"href":"https:\/\/belgium.easo.org\/fr\/wp-json\/wp\/v2\/media?parent=1178"}],"curies":[{"name":"wp","href":"https:\/\/api.w.org\/{rel}","templated":true}]}}