{"id":1176,"date":"2024-02-09T14:37:35","date_gmt":"2024-02-09T13:37:35","guid":{"rendered":"https:\/\/belgium.easo.org\/?page_id=1176"},"modified":"2025-05-16T11:27:46","modified_gmt":"2025-05-16T09:27:46","slug":"infobees","status":"publish","type":"page","link":"https:\/\/belgium.easo.org\/fr\/infobees\/","title":{"rendered":"Infobees"},"content":{"rendered":"<p>[et_pb_section fb_built=&#8221;1&#8243; _builder_version=&#8221;4.25.0&#8243; _module_preset=&#8221;default&#8221; background_color=&#8221;#F3CA2A&#8221; background_enable_mask_style=&#8221;on&#8221; background_mask_style=&#8221;honeycomb&#8221; background_mask_color=&#8221;#F7F7F7&#8243; background_mask_transform=&#8221;invert&#8221; background_mask_size=&#8221;cover&#8221; custom_padding=&#8221;20px||20px||true|false&#8221; global_module=&#8221;1419&#8243; locked=&#8221;off&#8221; global_colors_info=&#8221;{}&#8221;][et_pb_row column_structure=&#8221;1_3,2_3&#8243; _builder_version=&#8221;4.25.0&#8243; _module_preset=&#8221;default&#8221; global_colors_info=&#8221;{}&#8221;][et_pb_column type=&#8221;1_3&#8243; _builder_version=&#8221;4.20.2&#8243; _module_preset=&#8221;default&#8221; global_colors_info=&#8221;{}&#8221;][et_pb_text _builder_version=&#8221;4.25.0&#8243; _module_preset=&#8221;default&#8221; background_color=&#8221;#F7F7F7&#8243; border_radii=&#8221;on|20px|20px|20px|20px&#8221; box_shadow_style=&#8221;preset4&#8243; global_colors_info=&#8221;{}&#8221;]<\/p>\n<p><img decoding=\"async\" src=\"https:\/\/basocdn.easo.org\/wp-content\/uploads\/2024\/03\/Infobees-logo.5-300x89.png?strip=all\" width=\"300\" height=\"89\" alt=\"Logo of \" infobees=\"\" with=\"\" a=\"\" stylized=\"\" yellow=\"\" bee=\"\" in=\"\" place=\"\" of=\"\" the=\"\" letter=\"\" o=\"\" class=\"wp-image-1256 alignnone size-medium\" \/><\/p>\n<p>[\/et_pb_text][\/et_pb_column][et_pb_column type=&#8221;2_3&#8243; _builder_version=&#8221;4.20.2&#8243; _module_preset=&#8221;default&#8221; global_colors_info=&#8221;{}&#8221;][et_pb_social_media_follow _builder_version=&#8221;4.27.4&#8243; _module_preset=&#8221;default&#8221; text_orientation=&#8221;right&#8221; global_colors_info=&#8221;{}&#8221;][et_pb_social_media_follow_network social_network=&#8221;facebook&#8221; url=&#8221;https:\/\/www.facebook.com\/profile.php?id=61572673906533&#8243; _builder_version=&#8221;4.27.4&#8243; _module_preset=&#8221;default&#8221; background_color=&#8221;#3b5998&#8243; global_colors_info=&#8221;{}&#8221; follow_button=&#8221;off&#8221; url_new_window=&#8221;on&#8221;]facebook[\/et_pb_social_media_follow_network][et_pb_social_media_follow_network social_network=&#8221;instagram&#8221; url=&#8221;https:\/\/www.instagram.com\/infobees_informeert\/&#8221; _builder_version=&#8221;4.27.3&#8243; _module_preset=&#8221;default&#8221; background_color=&#8221;#ea2c59&#8243; global_colors_info=&#8221;{}&#8221; follow_button=&#8221;off&#8221; url_new_window=&#8221;on&#8221;]instagram[\/et_pb_social_media_follow_network][\/et_pb_social_media_follow][\/et_pb_column][\/et_pb_row][\/et_pb_section][et_pb_section fb_built=&#8221;1&#8243; _builder_version=&#8221;4.20.2&#8243; _module_preset=&#8221;default&#8221; background_color=&#8221;#FFFFFF&#8221; global_colors_info=&#8221;{}&#8221;][et_pb_row _builder_version=&#8221;4.20.2&#8243; _module_preset=&#8221;default&#8221; global_colors_info=&#8221;{}&#8221;][et_pb_column type=&#8221;4_4&#8243; _builder_version=&#8221;4.20.2&#8243; _module_preset=&#8221;default&#8221; global_colors_info=&#8221;{}&#8221;][et_pb_text _builder_version=&#8221;4.26.0&#8243; _module_preset=&#8221;default&#8221; global_colors_info=&#8221;{}&#8221;]<\/p>\n<p>The INFOBEES project was launched in 2024 by the BASO Patient Council. It aims at creating a safe place for people living with obesity, where they can retrieve reliable information about obesity, meet with fellow patients and share their stories, and be shown the way to professional health carers if they are ready to take that step.<\/p>\n<p>Visit <a href=\"https:\/\/belgium.easo.org\/infobees\/infobees\/\">this page<\/a> for more information about the project (in Dutch).<\/p>\n<p>[\/et_pb_text][\/et_pb_column][\/et_pb_row][et_pb_row column_structure=&#8221;1_4,1_4,1_4,1_4&#8243; _builder_version=&#8221;4.24.0&#8243; _module_preset=&#8221;default&#8221; global_colors_info=&#8221;{}&#8221;][et_pb_column type=&#8221;1_4&#8243; _builder_version=&#8221;4.20.2&#8243; _module_preset=&#8221;default&#8221; global_colors_info=&#8221;{}&#8221;][et_pb_image src=&#8221;https:\/\/belgium.easo.org\/wp-content\/uploads\/2023\/07\/Ines-scaled.jpg&#8221; alt=&#8221;A woman wearing a blue sweater.&#8221; title_text=&#8221;A woman wearing a blue sweater.&#8221; _builder_version=&#8221;4.24.0&#8243; _module_preset=&#8221;default&#8221; global_colors_info=&#8221;{}&#8221;][\/et_pb_image][et_pb_text _builder_version=&#8221;4.27.4&#8243; _module_preset=&#8221;default&#8221; hover_enabled=&#8221;0&#8243; global_colors_info=&#8221;{}&#8221; sticky_enabled=&#8221;0&#8243;]<\/p>\n<h3>Responsible<\/h3>\n<p>Ms. Ines Van Houtte<\/p>\n<p>[\/et_pb_text][\/et_pb_column][et_pb_column type=&#8221;1_4&#8243; _builder_version=&#8221;4.24.0&#8243; _module_preset=&#8221;default&#8221; global_colors_info=&#8221;{}&#8221;][\/et_pb_column][et_pb_column type=&#8221;1_4&#8243; _builder_version=&#8221;4.24.0&#8243; _module_preset=&#8221;default&#8221; global_colors_info=&#8221;{}&#8221;][\/et_pb_column][et_pb_column type=&#8221;1_4&#8243; _builder_version=&#8221;4.24.0&#8243; _module_preset=&#8221;default&#8221; global_colors_info=&#8221;{}&#8221;][\/et_pb_column][\/et_pb_row][\/et_pb_section][et_pb_section fb_built=&#8221;1&#8243; _builder_version=&#8221;4.20.2&#8243; _module_preset=&#8221;default&#8221; background_color=&#8221;#1D6EAA&#8221; custom_padding=&#8221;10px||10px||true|false&#8221; global_module=&#8221;2180&#8243; saved_tabs=&#8221;all&#8221; global_colors_info=&#8221;{}&#8221;][et_pb_row _builder_version=&#8221;4.20.2&#8243; _module_preset=&#8221;default&#8221; global_colors_info=&#8221;{}&#8221;][et_pb_column type=&#8221;4_4&#8243; _builder_version=&#8221;4.20.2&#8243; _module_preset=&#8221;default&#8221; global_colors_info=&#8221;{}&#8221;][et_pb_text _builder_version=&#8221;4.27.4&#8243; _module_preset=&#8221;default&#8221; text_text_color=&#8221;#FFFFFF&#8221; header_text_align=&#8221;center&#8221; header_2_text_align=&#8221;center&#8221; header_2_text_color=&#8221;#F7F7F7&#8243; text_orientation=&#8221;center&#8221; module_alignment=&#8221;center&#8221; global_colors_info=&#8221;{}&#8221;]<\/p>\n<h2>Become a BASO Member!<\/h2>\n<p>Join BASO for just \u20ac40 annually and be part of the association.<\/p>\n<p>Click the registration button to become a member today!<\/p>\n<p>[\/et_pb_text][et_pb_button button_url=&#8221;@ET-DC@eyJkeW5hbWljIjp0cnVlLCJjb250ZW50IjoicG9zdF9saW5rX3VybF9wYWdlIiwic2V0dGluZ3MiOnsicG9zdF9pZCI6IjQ3In19@&#8221; button_text=&#8221;Register Now&#8221; button_alignment=&#8221;center&#8221; _builder_version=&#8221;4.27.4&#8243; _dynamic_attributes=&#8221;button_url&#8221; _module_preset=&#8221;default&#8221; custom_button=&#8221;on&#8221; button_text_color=&#8221;#FFFFFF&#8221; button_border_color=&#8221;#FFFFFF&#8221; button_use_icon=&#8221;off&#8221; global_colors_info=&#8221;{}&#8221;][\/et_pb_button][\/et_pb_column][\/et_pb_row][\/et_pb_section]<\/p>\n","protected":false},"excerpt":{"rendered":"<p>The INFOBEES project was launched in 2024 by the BASO Patient Council. It aims at creating a safe place for people living with obesity, where they can retrieve reliable information about obesity, meet with fellow patients and share their stories, and be shown the way to professional health carers if they are ready to take [&hellip;]<\/p>\n","protected":false},"author":1,"featured_media":0,"parent":0,"menu_order":0,"comment_status":"closed","ping_status":"closed","template":"","meta":{"_acf_changed":false,"_et_pb_use_builder":"on","_et_pb_old_content":"<!-- wp:divi\/placeholder \/-->","_et_gb_content_width":"","footnotes":""},"class_list":["post-1176","page","type-page","status-publish","hentry"],"acf":[],"yoast_head":"<!-- This site is optimized with the Yoast SEO plugin v27.4 - https:\/\/yoast.com\/product\/yoast-seo-wordpress\/ -->\n<title>Infobees - The Belgian Association for the Study of Obesity<\/title>\n<meta name=\"robots\" content=\"index, follow, max-snippet:-1, max-image-preview:large, max-video-preview:-1\" \/>\n<link rel=\"canonical\" href=\"https:\/\/belgium.easo.org\/fr\/infobees\/\" \/>\n<meta property=\"og:locale\" content=\"fr_FR\" \/>\n<meta property=\"og:type\" content=\"article\" \/>\n<meta property=\"og:title\" content=\"Infobees - The Belgian Association for the Study of Obesity\" \/>\n<meta property=\"og:description\" content=\"The INFOBEES project was launched in 2024 by the BASO Patient Council. It aims at creating a safe place for people living with obesity, where they can retrieve reliable information about obesity, meet with fellow patients and share their stories, and be shown the way to professional health carers if they are ready to take [&hellip;]\" \/>\n<meta property=\"og:url\" content=\"https:\/\/belgium.easo.org\/fr\/wp-json\/wp\/v2\/pages\/1176\" \/>\n<meta property=\"og:site_name\" content=\"The Belgian Association for the Study of Obesity\" \/>\n<meta property=\"article:modified_time\" content=\"2025-05-16T09:27:46+00:00\" \/>\n<meta property=\"og:image\" content=\"https:\/\/belgium.easo.org\/wp-content\/uploads\/2024\/03\/Infobees-logo.5-300x89.png\" \/>\n<meta name=\"twitter:card\" content=\"summary_large_image\" \/>\n<meta name=\"twitter:label1\" content=\"Est. reading time\" \/>\n\t<meta name=\"twitter:data1\" content=\"1 minute\" \/>\n<script type=\"application\/ld+json\" class=\"yoast-schema-graph\">{\"@context\":\"https:\\\/\\\/schema.org\",\"@graph\":[{\"@type\":\"WebPage\",\"@id\":\"https:\\\/\\\/belgium.easo.org\\\/infobees\\\/\",\"url\":\"https:\\\/\\\/belgium.easo.org\\\/infobees\\\/\",\"name\":\"Infobees - The Belgian Association for the Study of Obesity\",\"isPartOf\":{\"@id\":\"https:\\\/\\\/belgium.easo.org\\\/#website\"},\"primaryImageOfPage\":{\"@id\":\"https:\\\/\\\/belgium.easo.org\\\/infobees\\\/#primaryimage\"},\"image\":{\"@id\":\"https:\\\/\\\/belgium.easo.org\\\/infobees\\\/#primaryimage\"},\"thumbnailUrl\":\"https:\\\/\\\/belgium.easo.org\\\/wp-content\\\/uploads\\\/2024\\\/03\\\/Infobees-logo.5-300x89.png\",\"datePublished\":\"2024-02-09T13:37:35+00:00\",\"dateModified\":\"2025-05-16T09:27:46+00:00\",\"breadcrumb\":{\"@id\":\"https:\\\/\\\/belgium.easo.org\\\/infobees\\\/#breadcrumb\"},\"inLanguage\":\"fr-BE\",\"potentialAction\":[{\"@type\":\"ReadAction\",\"target\":[\"https:\\\/\\\/belgium.easo.org\\\/infobees\\\/\"]}]},{\"@type\":\"ImageObject\",\"inLanguage\":\"fr-BE\",\"@id\":\"https:\\\/\\\/belgium.easo.org\\\/infobees\\\/#primaryimage\",\"url\":\"https:\\\/\\\/belgium.easo.org\\\/wp-content\\\/uploads\\\/2024\\\/03\\\/Infobees-logo.5-300x89.png\",\"contentUrl\":\"https:\\\/\\\/belgium.easo.org\\\/wp-content\\\/uploads\\\/2024\\\/03\\\/Infobees-logo.5-300x89.png\"},{\"@type\":\"BreadcrumbList\",\"@id\":\"https:\\\/\\\/belgium.easo.org\\\/infobees\\\/#breadcrumb\",\"itemListElement\":[{\"@type\":\"ListItem\",\"position\":1,\"name\":\"Home\",\"item\":\"https:\\\/\\\/belgium.easo.org\\\/\"},{\"@type\":\"ListItem\",\"position\":2,\"name\":\"Infobees\"}]},{\"@type\":\"WebSite\",\"@id\":\"https:\\\/\\\/belgium.easo.org\\\/#website\",\"url\":\"https:\\\/\\\/belgium.easo.org\\\/\",\"name\":\"The Belgian Association for the Study of Obesity\",\"description\":\"\",\"potentialAction\":[{\"@type\":\"SearchAction\",\"target\":{\"@type\":\"EntryPoint\",\"urlTemplate\":\"https:\\\/\\\/belgium.easo.org\\\/?s={search_term_string}\"},\"query-input\":{\"@type\":\"PropertyValueSpecification\",\"valueRequired\":true,\"valueName\":\"search_term_string\"}}],\"inLanguage\":\"fr-BE\"}]}<\/script>\n<!-- \/ Yoast SEO plugin. -->","yoast_head_json":{"title":"Infobees - The Belgian Association for the Study of Obesity","robots":{"index":"index","follow":"follow","max-snippet":"max-snippet:-1","max-image-preview":"max-image-preview:large","max-video-preview":"max-video-preview:-1"},"canonical":"https:\/\/belgium.easo.org\/fr\/infobees\/","og_locale":"fr_FR","og_type":"article","og_title":"Infobees - The Belgian Association for the Study of Obesity","og_description":"The INFOBEES project was launched in 2024 by the BASO Patient Council. It aims at creating a safe place for people living with obesity, where they can retrieve reliable information about obesity, meet with fellow patients and share their stories, and be shown the way to professional health carers if they are ready to take [&hellip;]","og_url":"https:\/\/belgium.easo.org\/fr\/wp-json\/wp\/v2\/pages\/1176","og_site_name":"The Belgian Association for the Study of Obesity","article_modified_time":"2025-05-16T09:27:46+00:00","og_image":[{"url":"https:\/\/belgium.easo.org\/wp-content\/uploads\/2024\/03\/Infobees-logo.5-300x89.png","type":"","width":"","height":""}],"twitter_card":"summary_large_image","twitter_misc":{"Est. reading time":"1 minute"},"schema":{"@context":"https:\/\/schema.org","@graph":[{"@type":"WebPage","@id":"https:\/\/belgium.easo.org\/infobees\/","url":"https:\/\/belgium.easo.org\/infobees\/","name":"Infobees - The Belgian Association for the Study of Obesity","isPartOf":{"@id":"https:\/\/belgium.easo.org\/#website"},"primaryImageOfPage":{"@id":"https:\/\/belgium.easo.org\/infobees\/#primaryimage"},"image":{"@id":"https:\/\/belgium.easo.org\/infobees\/#primaryimage"},"thumbnailUrl":"https:\/\/belgium.easo.org\/wp-content\/uploads\/2024\/03\/Infobees-logo.5-300x89.png","datePublished":"2024-02-09T13:37:35+00:00","dateModified":"2025-05-16T09:27:46+00:00","breadcrumb":{"@id":"https:\/\/belgium.easo.org\/infobees\/#breadcrumb"},"inLanguage":"fr-BE","potentialAction":[{"@type":"ReadAction","target":["https:\/\/belgium.easo.org\/infobees\/"]}]},{"@type":"ImageObject","inLanguage":"fr-BE","@id":"https:\/\/belgium.easo.org\/infobees\/#primaryimage","url":"https:\/\/belgium.easo.org\/wp-content\/uploads\/2024\/03\/Infobees-logo.5-300x89.png","contentUrl":"https:\/\/belgium.easo.org\/wp-content\/uploads\/2024\/03\/Infobees-logo.5-300x89.png"},{"@type":"BreadcrumbList","@id":"https:\/\/belgium.easo.org\/infobees\/#breadcrumb","itemListElement":[{"@type":"ListItem","position":1,"name":"Home","item":"https:\/\/belgium.easo.org\/"},{"@type":"ListItem","position":2,"name":"Infobees"}]},{"@type":"WebSite","@id":"https:\/\/belgium.easo.org\/#website","url":"https:\/\/belgium.easo.org\/","name":"L'Association belge pour l'\u00e9tude de l'ob\u00e9sit\u00e9","description":"","potentialAction":[{"@type":"SearchAction","target":{"@type":"EntryPoint","urlTemplate":"https:\/\/belgium.easo.org\/?s={search_term_string}"},"query-input":{"@type":"PropertyValueSpecification","valueRequired":true,"valueName":"search_term_string"}}],"inLanguage":"fr-BE"}]}},"_links":{"self":[{"href":"https:\/\/belgium.easo.org\/fr\/wp-json\/wp\/v2\/pages\/1176","targetHints":{"allow":["GET"]}}],"collection":[{"href":"https:\/\/belgium.easo.org\/fr\/wp-json\/wp\/v2\/pages"}],"about":[{"href":"https:\/\/belgium.easo.org\/fr\/wp-json\/wp\/v2\/types\/page"}],"author":[{"embeddable":true,"href":"https:\/\/belgium.easo.org\/fr\/wp-json\/wp\/v2\/users\/1"}],"replies":[{"embeddable":true,"href":"https:\/\/belgium.easo.org\/fr\/wp-json\/wp\/v2\/comments?post=1176"}],"version-history":[{"count":5,"href":"https:\/\/belgium.easo.org\/fr\/wp-json\/wp\/v2\/pages\/1176\/revisions"}],"predecessor-version":[{"id":2226,"href":"https:\/\/belgium.easo.org\/fr\/wp-json\/wp\/v2\/pages\/1176\/revisions\/2226"}],"wp:attachment":[{"href":"https:\/\/belgium.easo.org\/fr\/wp-json\/wp\/v2\/media?parent=1176"}],"curies":[{"name":"wp","href":"https:\/\/api.w.org\/{rel}","templated":true}]}}